{"id":57587,"date":"2025-04-30T09:30:17","date_gmt":"2025-04-30T09:30:17","guid":{"rendered":"https:\/\/easypersonaltraining.com\/?page_id=57587"},"modified":"2025-06-27T09:02:31","modified_gmt":"2025-06-27T09:02:31","slug":"entrenamiento-funcional","status":"publish","type":"page","link":"https:\/\/easypersonaltraining.com\/index.php\/entrenamiento-funcional\/","title":{"rendered":"Entrenamiento funcional | Entrenador personal Mallorca &#8211; Estiramientos y entrenamiento funcional"},"content":{"rendered":"<div class=\"wpb-content-wrapper\"><p>[vc_row bg_type=\u00bbimage\u00bb parallax_style=\u00bbvcpb-vz-jquery\u00bb bg_image_new=\u00bbid^57420|url^https:\/\/easypersonaltraining.com\/wp-content\/uploads\/2025\/01\/pexels-823sl-2294361-scaled.jpg|caption^null|alt^null|title^pexels-823sl-2294361|description^null\u00bb bg_image_repeat=\u00bbno-repeat\u00bb bg_override=\u00bbfull\u00bb enable_overlay=\u00bbenable_overlay_value\u00bb overlay_color=\u00bbrgba(0,0,0,0.5)\u00bb overlay_pattern=\u00bbtransperant\u00bb overlay_pattern_opacity=\u00bb25&#8243; margin_top=\u00bb-50&#8243; type=\u00bbvc_default\u00bb css=\u00bb.vc_custom_1746010262593{padding-top: 12% !important;padding-bottom: 12% !important;background-color: #000000 !important;}\u00bb][vc_column offset=\u00bbvc_col-lg-offset-0 vc_col-lg-12 vc_col-md-offset-0 vc_col-md-12 vc_col-sm-offset-0 vc_col-xs-12&#8243; css=\u00bb.vc_custom_1476043981108{margin-top: 10px !important;margin-bottom: 10px !important;}\u00bb]<div id=\"ultimate-heading-297269f4b67808d46\" class=\"uvc-heading ult-adjust-bottom-margin ultimate-heading-297269f4b67808d46 uvc-1319 accent-border-color\" data-hspacer=\"line_only\"  data-halign=\"center\" style=\"text-align:center\"><div class=\"uvc-main-heading ult-responsive\"  data-ultimate-target='.uvc-heading.ultimate-heading-297269f4b67808d46 h2'  data-responsive-json-new='{\"font-size\":\"desktop:50px;mobile_landscape:38px;mobile:30px;\",\"line-height\":\"desktop:60px;mobile_landscape:48px;mobile:40px;\"}' ><h2 style=\"font-weight:bold;color:#ffffff;margin-bottom:15px;\">ENTRENAMIENTO FUNCIONAL<\/h2><\/div><div class=\"uvc-heading-spacer line_only\" style=\"topheight:3px;\"><span class=\"uvc-headings-line\" style=\"border-style:solid;border-bottom-width:3px;border-color:#ccc;width:150px;\"><\/span><\/div><\/div>[\/vc_column][\/vc_row][vc_row equal_height=\u00bbyes\u00bb content_placement=\u00bbmiddle\u00bb margin_top=\u00bb5&#8243; margin_bottom=\u00bb10&#8243; type=\u00bbvc_default\u00bb css=\u00bb.vc_custom_1476026573339{padding-top: 70px !important;padding-bottom: 25px !important;}\u00bb][vc_column offset=\u00bbvc_col-lg-6 vc_col-md-6 vc_col-xs-12&#8243; css=\u00bb.vc_custom_1476026661856{padding-bottom: 50px !important;}\u00bb]<style type=\"text\/css\" data-type=\"the7_shortcodes-inline-css\">.shortcode-single-image-wrap.shortcode-single-image-1be7e9d31b3c97f50a103fe8923bbb97.enable-bg-rollover .rollover i,\n.shortcode-single-image-wrap.shortcode-single-image-1be7e9d31b3c97f50a103fe8923bbb97.enable-bg-rollover .rollover-video i {\n  background: -webkit-linear-gradient();\n  background: linear-gradient();\n}\n.shortcode-single-image-wrap.shortcode-single-image-1be7e9d31b3c97f50a103fe8923bbb97 .rollover-icon {\n  font-size: 32px;\n  color: #ffffff;\n  min-width: 44px;\n  min-height: 44px;\n  line-height: 44px;\n  border-radius: 100px;\n  border-style: solid;\n  border-width: 0px;\n}\n.dt-icon-bg-on.shortcode-single-image-wrap.shortcode-single-image-1be7e9d31b3c97f50a103fe8923bbb97 .rollover-icon {\n  background: rgba(255,255,255,0.3);\n  box-shadow: none;\n}\n<\/style><div class=\"shortcode-single-image-wrap shortcode-single-image-1be7e9d31b3c97f50a103fe8923bbb97 alignnone  enable-bg-rollover dt-icon-bg-off\" style=\"margin-top:0px; margin-bottom:0px; margin-left:0px; margin-right:0px; width:1200px;\" data-pretty-share=\"facebook,twitter,pinterest,linkedin\"><div class=\"shortcode-single-image\"><div class=\"fancy-media-wrap  layzr-bg\" style=\"\"><img fetchpriority=\"high\" decoding=\"async\" class=\"preload-me lazy-load aspect\" src=\"data:image\/svg+xml,%3Csvg%20xmlns%3D&#39;http%3A%2F%2Fwww.w3.org%2F2000%2Fsvg&#39;%20viewBox%3D&#39;0%200%201200%20900&#39;%2F%3E\" data-src=\"https:\/\/easypersonaltraining.com\/wp-content\/uploads\/2025\/01\/pexels-823sl-2294361-scaled-1200x900.jpg\" data-srcset=\"https:\/\/easypersonaltraining.com\/wp-content\/uploads\/2025\/01\/pexels-823sl-2294361-scaled-1200x900.jpg 1200w, https:\/\/easypersonaltraining.com\/wp-content\/uploads\/2025\/01\/pexels-823sl-2294361-scaled-2278x1709.jpg 2278w\" loading=\"eager\" sizes=\"(max-width: 1200px) 100vw, 1200px\" width=\"1200\" height=\"900\"  data-dt-location=\"https:\/\/easypersonaltraining.com\/index.php\/home\/creative-home\/1-creative\/pexels-823sl-2294361\/\" style=\"--ratio: 1200 \/ 900;\" alt=\"\" \/><\/div><\/div><\/div>[\/vc_column][vc_column offset=\u00bbvc_col-lg-6 vc_col-md-6 vc_col-xs-12&#8243; css=\u00bb.vc_custom_1476026676448{padding-bottom: 50px !important;}\u00bb]<div id=\"ultimate-heading-270669f4b67809c9d\" class=\"uvc-heading ult-adjust-bottom-margin ultimate-heading-270669f4b67809c9d uvc-8739 color-title uvc-heading-default-font-sizes\" data-hspacer=\"no_spacer\"  data-halign=\"left\" style=\"text-align:left\"><div class=\"uvc-heading-spacer no_spacer\" style=\"top\"><\/div><div class=\"uvc-main-heading ult-responsive\"  data-ultimate-target='.uvc-heading.ultimate-heading-270669f4b67809c9d h2'  data-responsive-json-new='{\"font-size\":\"\",\"line-height\":\"\"}' ><h2 style=\"font-weight:bold;margin-bottom:25px;\">\u00bfQue hacemos?<\/h2><\/div><div class=\"uvc-sub-heading ult-responsive\"  data-ultimate-target='.uvc-heading.ultimate-heading-270669f4b67809c9d .uvc-sub-heading '  data-responsive-json-new='{\"font-size\":\"desktop:20px;\",\"line-height\":\"desktop:30px;\"}'  style=\"font-weight:bold;\">Entrenamiento funcional<\/div><\/div>[vc_column_text css=\u00bb.vc_custom_1746009638412{padding-top: 30px !important;}\u00bb]El entrenamiento funcional es la evoluci\u00f3n del fitness y del entrenamiento tradicional. Se basa en el movimiento multiplanar (en todas direcciones), y los movimientos biomec\u00e1nicos son integrados (implicando varios grupos musculares a la vez), aparte se trabaja con plataformas inestables, (bosu, tabla Reebok, camas el\u00e1sticas etc.) para mejorar el sistema propioceptivo, el equilibrio, y aumentar el gasto cal\u00f3rico Al mismo tiempo al trabajar de forma sin\u00e9rgica todo un conjunto de grupos musculares, se mejora la coordinaci\u00f3n neuromuscular.<\/p>\n<p>Es un antes y un despu\u00e9s respecto al entrenamiento tradicional, ya que mejora el tono muscular a nivel global, el equilibrio f\u00edsico y articular, el sistema propioceptivo y el sistema neuromuscular. No solo se consiguen resultados espectaculares mucho mas r\u00e1pido que en un entrenamiento tradicional sino que reforzando el equilibrio articular global, se evitan posibles lesiones.\u00a0\u00a0\u00a0\u00a0\u00a0\u00a0\u00a0\u00a0\u00a0\u00a0 EL ENTRENAMIENTO FUNCIONAL ENTRENA MOVIMIENTOS, NO MUSCULOS.<\/p>\n<p>ENTRENAMIENTO FUNCIONAL APLICADO A DEPORTES.<\/p>\n<p>El sistema de trabajo utilizado, es muy simple, pero incre\u00edblemente efectivo, ya que FUNCTIONAL TRAINING, entrena el cuerpo, como funciona el cuerpo. Es decir aplicando la biomec\u00e1nica funcional a cada movimiento que se desee realizar, pero adem\u00e1s, utilizando resistencias libres y bases inestables, lo cual nos da un resultado espectacular a nivel, fuerza, velocidad, resistencia, equilibrio y coordinaci\u00f3n.<\/p>\n<p>EL ENTRENAMIENTO FUNCIONAL, es din\u00e1mico, divertido y sobre todo, lo m\u00e1s importante, FUNCIONA.[\/vc_column_text][\/vc_column][\/vc_row]<\/p>\n<\/div>","protected":false},"excerpt":{"rendered":"<p>[vc_row bg_type=\u00bbimage\u00bb parallax_style=\u00bbvcpb-vz-jquery\u00bb bg_image_new=\u00bbid^57420|url^https:\/\/easypersonaltraining.com\/wp-content\/uploads\/2025\/01\/pexels-823sl-2294361-scaled.jpg|caption^null|alt^null|title^pexels-823sl-2294361|description^null\u00bb bg_image_repeat=\u00bbno-repeat\u00bb bg_override=\u00bbfull\u00bb enable_overlay=\u00bbenable_overlay_value\u00bb overlay_color=\u00bbrgba(0,0,0,0.5)\u00bb overlay_pattern=\u00bbtransperant\u00bb overlay_pattern_opacity=\u00bb25&#8243; margin_top=\u00bb-50&#8243; type=\u00bbvc_default\u00bb css=\u00bb.vc_custom_1746010262593{padding-top: 12% !important;padding-bottom: 12% !important;background-color: #000000 !important;}\u00bb][vc_column offset=\u00bbvc_col-lg-offset-0 vc_col-lg-12 vc_col-md-offset-0 vc_col-md-12 vc_col-sm-offset-0 vc_col-xs-12&#8243; css=\u00bb.vc_custom_1476043981108{margin-top: 10px !important;margin-bottom: 10px !important;}\u00bb][\/vc_column][\/vc_row][vc_row equal_height=\u00bbyes\u00bb content_placement=\u00bbmiddle\u00bb margin_top=\u00bb5&#8243; margin_bottom=\u00bb10&#8243; type=\u00bbvc_default\u00bb css=\u00bb.vc_custom_1476026573339{padding-top: 70px !important;padding-bottom: 25px !important;}\u00bb][vc_column offset=\u00bbvc_col-lg-6 vc_col-md-6 vc_col-xs-12&#8243; css=\u00bb.vc_custom_1476026661856{padding-bottom: 50px !important;}\u00bb][\/vc_column][vc_column offset=\u00bbvc_col-lg-6 vc_col-md-6 vc_col-xs-12&#8243; css=\u00bb.vc_custom_1476026676448{padding-bottom: 50px !important;}\u00bb][vc_column_text css=\u00bb.vc_custom_1746009638412{padding-top: 30px !important;}\u00bb]El&hellip;<\/p>\n","protected":false},"author":1,"featured_media":0,"parent":0,"menu_order":0,"comment_status":"closed","ping_status":"closed","template":"","meta":{"footnotes":""},"class_list":["post-57587","page","type-page","status-publish","hentry","description-off"],"yoast_head":"<!-- This site is optimized with the Yoast SEO plugin v24.3 - https:\/\/yoast.com\/wordpress\/plugins\/seo\/ -->\n<title>Entrenamiento funcional | Entrenador personal Mallorca - Estiramientos y entrenamiento funcional - Easy Personal Trainning<\/title>\n<meta name=\"robots\" content=\"index, follow, max-snippet:-1, max-image-preview:large, max-video-preview:-1\" \/>\n<link rel=\"canonical\" href=\"https:\/\/easypersonaltraining.com\/index.php\/entrenamiento-funcional\/\" \/>\n<meta property=\"og:locale\" content=\"es_ES\" \/>\n<meta property=\"og:type\" content=\"article\" \/>\n<meta property=\"og:title\" content=\"Entrenamiento funcional | Entrenador personal Mallorca - Estiramientos y entrenamiento funcional - Easy Personal Trainning\" \/>\n<meta property=\"og:description\" content=\"[vc_row bg_type=\u00bbimage\u00bb parallax_style=\u00bbvcpb-vz-jquery\u00bb bg_image_new=\u00bbid^57420|url^https:\/\/easypersonaltraining.com\/wp-content\/uploads\/2025\/01\/pexels-823sl-2294361-scaled.jpg|caption^null|alt^null|title^pexels-823sl-2294361|description^null\u00bb bg_image_repeat=\u00bbno-repeat\u00bb bg_override=\u00bbfull\u00bb enable_overlay=\u00bbenable_overlay_value\u00bb overlay_color=\u00bbrgba(0,0,0,0.5)\u00bb overlay_pattern=\u00bbtransperant\u00bb overlay_pattern_opacity=\u00bb25&#8243; margin_top=\u00bb-50&#8243; type=\u00bbvc_default\u00bb css=\u00bb.vc_custom_1746010262593{padding-top: 12% !important;padding-bottom: 12% !important;background-color: #000000 !important;}\u00bb][vc_column offset=\u00bbvc_col-lg-offset-0 vc_col-lg-12 vc_col-md-offset-0 vc_col-md-12 vc_col-sm-offset-0 vc_col-xs-12&#8243; css=\u00bb.vc_custom_1476043981108{margin-top: 10px !important;margin-bottom: 10px !important;}\u00bb][\/vc_column][\/vc_row][vc_row equal_height=\u00bbyes\u00bb content_placement=\u00bbmiddle\u00bb margin_top=\u00bb5&#8243; margin_bottom=\u00bb10&#8243; type=\u00bbvc_default\u00bb css=\u00bb.vc_custom_1476026573339{padding-top: 70px !important;padding-bottom: 25px !important;}\u00bb][vc_column offset=\u00bbvc_col-lg-6 vc_col-md-6 vc_col-xs-12&#8243; css=\u00bb.vc_custom_1476026661856{padding-bottom: 50px !important;}\u00bb][\/vc_column][vc_column offset=\u00bbvc_col-lg-6 vc_col-md-6 vc_col-xs-12&#8243; css=\u00bb.vc_custom_1476026676448{padding-bottom: 50px !important;}\u00bb][vc_column_text css=\u00bb.vc_custom_1746009638412{padding-top: 30px !important;}\u00bb]El&hellip;\" \/>\n<meta property=\"og:url\" content=\"https:\/\/easypersonaltraining.com\/index.php\/entrenamiento-funcional\/\" \/>\n<meta property=\"og:site_name\" content=\"Easy Personal Trainning\" \/>\n<meta property=\"article:modified_time\" content=\"2025-06-27T09:02:31+00:00\" \/>\n<meta name=\"twitter:card\" content=\"summary_large_image\" \/>\n<meta name=\"twitter:label1\" content=\"Tiempo de lectura\" \/>\n\t<meta name=\"twitter:data1\" content=\"2 minutos\" \/>\n<script type=\"application\/ld+json\" class=\"yoast-schema-graph\">{\"@context\":\"https:\/\/schema.org\",\"@graph\":[{\"@type\":\"WebPage\",\"@id\":\"https:\/\/easypersonaltraining.com\/index.php\/entrenamiento-funcional\/\",\"url\":\"https:\/\/easypersonaltraining.com\/index.php\/entrenamiento-funcional\/\",\"name\":\"Entrenamiento funcional | Entrenador personal Mallorca - Estiramientos y entrenamiento funcional - Easy Personal Trainning\",\"isPartOf\":{\"@id\":\"https:\/\/easypersonaltraining.com\/#website\"},\"datePublished\":\"2025-04-30T09:30:17+00:00\",\"dateModified\":\"2025-06-27T09:02:31+00:00\",\"breadcrumb\":{\"@id\":\"https:\/\/easypersonaltraining.com\/index.php\/entrenamiento-funcional\/#breadcrumb\"},\"inLanguage\":\"es\",\"potentialAction\":[{\"@type\":\"ReadAction\",\"target\":[\"https:\/\/easypersonaltraining.com\/index.php\/entrenamiento-funcional\/\"]}]},{\"@type\":\"BreadcrumbList\",\"@id\":\"https:\/\/easypersonaltraining.com\/index.php\/entrenamiento-funcional\/#breadcrumb\",\"itemListElement\":[{\"@type\":\"ListItem\",\"position\":1,\"name\":\"Portada\",\"item\":\"https:\/\/easypersonaltraining.com\/\"},{\"@type\":\"ListItem\",\"position\":2,\"name\":\"Entrenamiento funcional | Entrenador personal Mallorca &#8211; Estiramientos y entrenamiento funcional\"}]},{\"@type\":\"WebSite\",\"@id\":\"https:\/\/easypersonaltraining.com\/#website\",\"url\":\"https:\/\/easypersonaltraining.com\/\",\"name\":\"Easy Personal Trainning\",\"description\":\"Entrenador personal, Pasa tu cuerpo al siguiente nivel\",\"potentialAction\":[{\"@type\":\"SearchAction\",\"target\":{\"@type\":\"EntryPoint\",\"urlTemplate\":\"https:\/\/easypersonaltraining.com\/?s={search_term_string}\"},\"query-input\":{\"@type\":\"PropertyValueSpecification\",\"valueRequired\":true,\"valueName\":\"search_term_string\"}}],\"inLanguage\":\"es\"}]}<\/script>\n<!-- \/ Yoast SEO plugin. -->","yoast_head_json":{"title":"Entrenamiento funcional | Entrenador personal Mallorca - Estiramientos y entrenamiento funcional - Easy Personal Trainning","robots":{"index":"index","follow":"follow","max-snippet":"max-snippet:-1","max-image-preview":"max-image-preview:large","max-video-preview":"max-video-preview:-1"},"canonical":"https:\/\/easypersonaltraining.com\/index.php\/entrenamiento-funcional\/","og_locale":"es_ES","og_type":"article","og_title":"Entrenamiento funcional | Entrenador personal Mallorca - Estiramientos y entrenamiento funcional - Easy Personal Trainning","og_description":"[vc_row bg_type=\u00bbimage\u00bb parallax_style=\u00bbvcpb-vz-jquery\u00bb bg_image_new=\u00bbid^57420|url^https:\/\/easypersonaltraining.com\/wp-content\/uploads\/2025\/01\/pexels-823sl-2294361-scaled.jpg|caption^null|alt^null|title^pexels-823sl-2294361|description^null\u00bb bg_image_repeat=\u00bbno-repeat\u00bb bg_override=\u00bbfull\u00bb enable_overlay=\u00bbenable_overlay_value\u00bb overlay_color=\u00bbrgba(0,0,0,0.5)\u00bb overlay_pattern=\u00bbtransperant\u00bb overlay_pattern_opacity=\u00bb25&#8243; margin_top=\u00bb-50&#8243; type=\u00bbvc_default\u00bb css=\u00bb.vc_custom_1746010262593{padding-top: 12% !important;padding-bottom: 12% !important;background-color: #000000 !important;}\u00bb][vc_column offset=\u00bbvc_col-lg-offset-0 vc_col-lg-12 vc_col-md-offset-0 vc_col-md-12 vc_col-sm-offset-0 vc_col-xs-12&#8243; css=\u00bb.vc_custom_1476043981108{margin-top: 10px !important;margin-bottom: 10px !important;}\u00bb][\/vc_column][\/vc_row][vc_row equal_height=\u00bbyes\u00bb content_placement=\u00bbmiddle\u00bb margin_top=\u00bb5&#8243; margin_bottom=\u00bb10&#8243; type=\u00bbvc_default\u00bb css=\u00bb.vc_custom_1476026573339{padding-top: 70px !important;padding-bottom: 25px !important;}\u00bb][vc_column offset=\u00bbvc_col-lg-6 vc_col-md-6 vc_col-xs-12&#8243; css=\u00bb.vc_custom_1476026661856{padding-bottom: 50px !important;}\u00bb][\/vc_column][vc_column offset=\u00bbvc_col-lg-6 vc_col-md-6 vc_col-xs-12&#8243; css=\u00bb.vc_custom_1476026676448{padding-bottom: 50px !important;}\u00bb][vc_column_text css=\u00bb.vc_custom_1746009638412{padding-top: 30px !important;}\u00bb]El&hellip;","og_url":"https:\/\/easypersonaltraining.com\/index.php\/entrenamiento-funcional\/","og_site_name":"Easy Personal Trainning","article_modified_time":"2025-06-27T09:02:31+00:00","twitter_card":"summary_large_image","twitter_misc":{"Tiempo de lectura":"2 minutos"},"schema":{"@context":"https:\/\/schema.org","@graph":[{"@type":"WebPage","@id":"https:\/\/easypersonaltraining.com\/index.php\/entrenamiento-funcional\/","url":"https:\/\/easypersonaltraining.com\/index.php\/entrenamiento-funcional\/","name":"Entrenamiento funcional | Entrenador personal Mallorca - Estiramientos y entrenamiento funcional - Easy Personal Trainning","isPartOf":{"@id":"https:\/\/easypersonaltraining.com\/#website"},"datePublished":"2025-04-30T09:30:17+00:00","dateModified":"2025-06-27T09:02:31+00:00","breadcrumb":{"@id":"https:\/\/easypersonaltraining.com\/index.php\/entrenamiento-funcional\/#breadcrumb"},"inLanguage":"es","potentialAction":[{"@type":"ReadAction","target":["https:\/\/easypersonaltraining.com\/index.php\/entrenamiento-funcional\/"]}]},{"@type":"BreadcrumbList","@id":"https:\/\/easypersonaltraining.com\/index.php\/entrenamiento-funcional\/#breadcrumb","itemListElement":[{"@type":"ListItem","position":1,"name":"Portada","item":"https:\/\/easypersonaltraining.com\/"},{"@type":"ListItem","position":2,"name":"Entrenamiento funcional | Entrenador personal Mallorca &#8211; Estiramientos y entrenamiento funcional"}]},{"@type":"WebSite","@id":"https:\/\/easypersonaltraining.com\/#website","url":"https:\/\/easypersonaltraining.com\/","name":"Easy Personal Trainning","description":"Entrenador personal, Pasa tu cuerpo al siguiente nivel","potentialAction":[{"@type":"SearchAction","target":{"@type":"EntryPoint","urlTemplate":"https:\/\/easypersonaltraining.com\/?s={search_term_string}"},"query-input":{"@type":"PropertyValueSpecification","valueRequired":true,"valueName":"search_term_string"}}],"inLanguage":"es"}]}},"_links":{"self":[{"href":"https:\/\/easypersonaltraining.com\/index.php\/wp-json\/wp\/v2\/pages\/57587","targetHints":{"allow":["GET"]}}],"collection":[{"href":"https:\/\/easypersonaltraining.com\/index.php\/wp-json\/wp\/v2\/pages"}],"about":[{"href":"https:\/\/easypersonaltraining.com\/index.php\/wp-json\/wp\/v2\/types\/page"}],"author":[{"embeddable":true,"href":"https:\/\/easypersonaltraining.com\/index.php\/wp-json\/wp\/v2\/users\/1"}],"replies":[{"embeddable":true,"href":"https:\/\/easypersonaltraining.com\/index.php\/wp-json\/wp\/v2\/comments?post=57587"}],"version-history":[{"count":6,"href":"https:\/\/easypersonaltraining.com\/index.php\/wp-json\/wp\/v2\/pages\/57587\/revisions"}],"predecessor-version":[{"id":57636,"href":"https:\/\/easypersonaltraining.com\/index.php\/wp-json\/wp\/v2\/pages\/57587\/revisions\/57636"}],"wp:attachment":[{"href":"https:\/\/easypersonaltraining.com\/index.php\/wp-json\/wp\/v2\/media?parent=57587"}],"curies":[{"name":"wp","href":"https:\/\/api.w.org\/{rel}","templated":true}]}}